{"id":11,"date":"2018-12-30T14:21:27","date_gmt":"2018-12-30T14:21:27","guid":{"rendered":"https:\/\/www.uebersberg.de\/?page_id=11"},"modified":"2018-12-30T21:50:13","modified_gmt":"2018-12-30T21:50:13","slug":"about","status":"publish","type":"page","link":"https:\/\/www.uebersberg.de\/index.php\/about\/","title":{"rendered":"Haftungsausschluss"},"content":{"rendered":"<p>Der&nbsp;FSV \u00dcbersberg&nbsp;e.V. kann keine Garantie daf\u00fcr \u00fcbernehmen, dass jegliche Inhalte dieser Webseite richtig, vollst\u00e4ndig und auf aktuellem Stand sind.<\/p>\n<p>Trotz sorgf\u00e4ltiger inhaltlicher Kontrolle \u00fcbernimmt der&nbsp;FSV \u00dcbersberg&nbsp;e.V. keine Haftung f\u00fcr den Inhalt einer Seite, die durch einen Link zu erreichen ist. F\u00fcr den Inhalt der verlinkten Seiten sind ausschlie\u00dflich deren Betreiber verantwortlich.<\/p>\n<p>Der FSV \u00dcbersberg&nbsp;e.V. beh\u00e4lt sich vor, Erg\u00e4nzungen oder \u00c4nderungen der ver\u00f6ffentlichten Inhalte ohne vorausgehende Ank\u00fcndigung vorzunehmen.<\/p>\n<p>Des Weiteren kann der&nbsp;FSV \u00dcbersberg&nbsp;e.V. keine Verantwortung f\u00fcr konkrete, mittelbare oder unmittelbare Sch\u00e4den \u00fcbernehmen, die durch das Vertrauen auf Informationen dieser Webseite oder deren Gebrauch entstehen.<\/p>\n<p>Sollten Sie den begr\u00fcndeten Eindruck haben, dass durch diesen Auftritt eines Ihrer Schutzrechte verletzt ist, dann teilen Sie dies unverz\u00fcglich an die obig stehende Vereinsanschrift oder Emailadresse mit. Dadurch kann z\u00fcgige Abhilfe geschaffen und einer Einschaltung eines Anwalts zur Abmahnung vorgebeugt werden.<\/p>\n<p>Das Impressum gilt f\u00fcr: www.flugplatz-uebersberg.de&nbsp;\/ www.fsvuebersberg.de \/ www.fsv-uebersberg.de \/ www.fsvue.de&nbsp;\/&nbsp;dev.fsvue.de<\/p>\n","protected":false},"excerpt":{"rendered":"<p>Der&nbsp;FSV \u00dcbersberg&nbsp;e.V. kann keine Garantie daf\u00fcr \u00fcbernehmen, dass jegliche Inhalte dieser Webseite richtig, vollst\u00e4ndig und auf aktuellem Stand sind. Trotz sorgf\u00e4ltiger inhaltlicher Kontrolle \u00fcbernimmt der&nbsp;FSV \u00dcbersberg&nbsp;e.V. keine Haftung f\u00fcr den Inhalt einer Seite, die durch einen Link zu erreichen ist.<\/p>\n","protected":false},"author":1,"featured_media":0,"parent":0,"menu_order":0,"comment_status":"closed","ping_status":"closed","template":"","meta":{"ngg_post_thumbnail":0,"footnotes":""},"class_list":["post-11","page","type-page","status-publish","hentry"],"_links":{"self":[{"href":"https:\/\/www.uebersberg.de\/index.php\/wp-json\/wp\/v2\/pages\/11","targetHints":{"allow":["GET"]}}],"collection":[{"href":"https:\/\/www.uebersberg.de\/index.php\/wp-json\/wp\/v2\/pages"}],"about":[{"href":"https:\/\/www.uebersberg.de\/index.php\/wp-json\/wp\/v2\/types\/page"}],"author":[{"embeddable":true,"href":"https:\/\/www.uebersberg.de\/index.php\/wp-json\/wp\/v2\/users\/1"}],"replies":[{"embeddable":true,"href":"https:\/\/www.uebersberg.de\/index.php\/wp-json\/wp\/v2\/comments?post=11"}],"version-history":[{"count":3,"href":"https:\/\/www.uebersberg.de\/index.php\/wp-json\/wp\/v2\/pages\/11\/revisions"}],"predecessor-version":[{"id":61,"href":"https:\/\/www.uebersberg.de\/index.php\/wp-json\/wp\/v2\/pages\/11\/revisions\/61"}],"wp:attachment":[{"href":"https:\/\/www.uebersberg.de\/index.php\/wp-json\/wp\/v2\/media?parent=11"}],"curies":[{"name":"wp","href":"https:\/\/api.w.org\/{rel}","templated":true}]}}