{"id":1281,"date":"2024-01-21T16:52:27","date_gmt":"2024-01-21T16:52:27","guid":{"rendered":"https:\/\/www.uebersberg.de\/?page_id=1281"},"modified":"2025-01-26T12:05:59","modified_gmt":"2025-01-26T12:05:59","slug":"1-ubersberger-frauen-freundschafts-fliegen","status":"publish","type":"page","link":"https:\/\/www.uebersberg.de\/index.php\/1-ubersberger-frauen-freundschafts-fliegen\/","title":{"rendered":"2. \u00dcbersberger Frauen-Freundschafts-Fliegen"},"content":{"rendered":"\n<p><strong>Fliegen nach Lust und Laune, Freundschaften schlie\u00dfen, Freude und Spa\u00df haben!<\/strong><\/p>\n\n\n\n<p>Wir Pilotinnen der FSV \u00dcbersberg freuen uns auf eine entspannte Woche mit einem normalen Flugbetrieb ohne Wettbewerbsstress. Etwa so wie bei einem Ferienlager mit etwa 20 bis 30 Teilnehmerinnen mit unterschiedlicher Flugerfahrung.<br>Unser sch\u00f6nes Segelfluggel\u00e4nde an der Albkante bei Pfullingen\/Reutlingen, bietet beste Voraussetzungen, die n\u00e4here und weitere Umgebung von oben zu erkunden. Bei gutem Wetter sind auch gr\u00f6\u00dfere Streckenfl\u00fcge m\u00f6glich.<br>Ein eigenes Flugzeug mitzubringen ist optimal, aber keine Bedingung. Gerne k\u00f6nnt Ihr auch in unseren Doppelsitzern mit einem Fluglehrer oder PIC vom \u00dcbersberg fliegen.<\/p>\n\n\n\n<p>Der \u00dcbersberg ist f\u00fcr Segelflugzeuge, TMG und UL zugelassen, alle sind willkommen! Teilnahmegeb\u00fchr: 75\u20ac (incl. ein T-Shirt mit Logo), dazu kommen folgenden die Geb\u00fchren:<\/p>\n\n\n\n<ul class=\"wp-block-list\">\n<li>\u00dcbersberger Geb\u00fchren f\u00fcr G\u00e4ste\n<ul class=\"wp-block-list\">\n<li>Windenstart: 10\u20ac<\/li>\n\n\n\n<li>F-Schlepp: 2,45\u20ac&nbsp; pro 1\/100<\/li>\n\n\n\n<li>Eigenstart: 5\u20ac<\/li>\n\n\n\n<li>Nutzung Infrastruktur: 6\u20ac pro Tag<\/li>\n\n\n\n<li><\/li>\n<\/ul>\n<\/li>\n\n\n\n<li>Camping auf dem \u00dcbersberg\n<ul class=\"wp-block-list\">\n<li>Erwachsene 8\u20ac pro Tag,<\/li>\n\n\n\n<li>bis 18 Jahre 6\u20ac<\/li>\n\n\n\n<li>bis 6 Jahre frei<\/li>\n\n\n\n<li><\/li>\n<\/ul>\n<\/li>\n\n\n\n<li>Unterk\u00fcnfte in umliegenden Pension\n<ul class=\"wp-block-list\">\n<li>bitte selber organisieren, z.B.: <a href=\"http:\/\/www.stahleckerhof.de\/\">www.stahleckerhof.de<\/a><\/li>\n\n\n\n<li><\/li>\n<\/ul>\n<\/li>\n\n\n\n<li>Verpflegung\n<ul class=\"wp-block-list\">\n<li>Fr\u00fchst\u00fcck 7\u20ac<br>Individuelle Abrechnung f\u00fcr:<br>flexibel zusammen kochen, grillen, in umliegende Gastst\u00e4tten gehen\u2026<br>z.B. Mittwochabend Schnitzelessen im \u00dcbersbergerhof<br>Samstagabend Abschlussessen<\/li>\n<\/ul>\n<\/li>\n<\/ul>\n\n\n\n<p><a href=\"https:\/\/www.uebersberg.de\/index.php\/2019-06-12_wettbewerbstag5_2\/\" data-type=\"page\" data-id=\"1217\">Infos und <\/a><a href=\"https:\/\/www.uebersberg.de\/wp-content\/uploads\/2025\/01\/25_FFF_Ausschreibung_Anmeldung.pdf\" data-type=\"page\" data-id=\"1217\">Anmeldung<\/a><\/p>\n\n\n\n<p><strong>Wir freuen uns auf Euch!<\/strong><\/p>\n\n\n\n<p><\/p>\n","protected":false},"excerpt":{"rendered":"<p>Fliegen nach Lust und Laune, Freundschaften schlie\u00dfen, Freude und Spa\u00df haben! Wir Pilotinnen der FSV \u00dcbersberg freuen uns auf eine entspannte Woche mit einem normalen Flugbetrieb ohne Wettbewerbsstress. Etwa so wie bei einem Ferienlager mit etwa 20 bis 30 Teilnehmerinnen<\/p>\n","protected":false},"author":3,"featured_media":1335,"parent":0,"menu_order":0,"comment_status":"closed","ping_status":"closed","template":"","meta":{"ngg_post_thumbnail":0,"footnotes":""},"class_list":["post-1281","page","type-page","status-publish","has-post-thumbnail","hentry"],"_links":{"self":[{"href":"https:\/\/www.uebersberg.de\/index.php\/wp-json\/wp\/v2\/pages\/1281","targetHints":{"allow":["GET"]}}],"collection":[{"href":"https:\/\/www.uebersberg.de\/index.php\/wp-json\/wp\/v2\/pages"}],"about":[{"href":"https:\/\/www.uebersberg.de\/index.php\/wp-json\/wp\/v2\/types\/page"}],"author":[{"embeddable":true,"href":"https:\/\/www.uebersberg.de\/index.php\/wp-json\/wp\/v2\/users\/3"}],"replies":[{"embeddable":true,"href":"https:\/\/www.uebersberg.de\/index.php\/wp-json\/wp\/v2\/comments?post=1281"}],"version-history":[{"count":13,"href":"https:\/\/www.uebersberg.de\/index.php\/wp-json\/wp\/v2\/pages\/1281\/revisions"}],"predecessor-version":[{"id":1334,"href":"https:\/\/www.uebersberg.de\/index.php\/wp-json\/wp\/v2\/pages\/1281\/revisions\/1334"}],"wp:featuredmedia":[{"embeddable":true,"href":"https:\/\/www.uebersberg.de\/index.php\/wp-json\/wp\/v2\/media\/1335"}],"wp:attachment":[{"href":"https:\/\/www.uebersberg.de\/index.php\/wp-json\/wp\/v2\/media?parent=1281"}],"curies":[{"name":"wp","href":"https:\/\/api.w.org\/{rel}","templated":true}]}}