{"id":190,"date":"2019-01-03T20:45:13","date_gmt":"2019-01-03T20:45:13","guid":{"rendered":"https:\/\/www.uebersberg.de\/?page_id=190"},"modified":"2019-01-06T18:05:05","modified_gmt":"2019-01-06T18:05:05","slug":"unser-flugplatz","status":"publish","type":"page","link":"https:\/\/www.uebersberg.de\/index.php\/unser-flugplatz\/","title":{"rendered":"Unser Flugplatz"},"content":{"rendered":"\n<figure class=\"wp-block-image\"><img loading=\"lazy\" decoding=\"async\" width=\"1024\" height=\"366\" src=\"https:\/\/www.uebersberg.de\/wp-content\/uploads\/2018\/12\/uebeSlider3-1024x366.png\" alt=\"\" class=\"wp-image-48\" srcset=\"https:\/\/www.uebersberg.de\/wp-content\/uploads\/2018\/12\/uebeSlider3-1024x366.png 1024w, https:\/\/www.uebersberg.de\/wp-content\/uploads\/2018\/12\/uebeSlider3-300x107.png 300w, https:\/\/www.uebersberg.de\/wp-content\/uploads\/2018\/12\/uebeSlider3-768x274.png 768w, https:\/\/www.uebersberg.de\/wp-content\/uploads\/2018\/12\/uebeSlider3.png 1268w\" sizes=\"auto, (max-width: 1024px) 100vw, 1024px\" \/><\/figure>\n\n\n\n<p>Auf dem Segelfluggel\u00e4nde \u00dcbersberg f\u00fchren die vier&nbsp;Vereine&nbsp;Luftsportverein Reutlingen, AKAFlieg T\u00fcbingen, FSG Heinkel und FSG Pliezhausen ihren Flugbetrieb durch.  <br>Zur Organisation und Verwaltung des Flugplatzes sowie der Koordination des Flugbetriebs wurde die&nbsp;Flugsportvereinigung \u00dcbersberg e.V. (FSV\u00dc)&nbsp;geschaffen.<\/p>\n\n\n\n<p>Der \u00dcbersberg liegt 048\u00b027&#8217;33&#8221;Nord, 009\u00b017&#8217;55&#8221;Ost exponiert auf der Schw\u00e4bischen Alb, nahe den St\u00e4dten Reutlingen und Pfullingen s\u00fcdlich von Stuttgart. \u00a0Die schw\u00e4bische Alb ist weltweit als hervorragendes Segelfluggebiet bekannt. Auf dem \u00dcbersberg stehen den Piloten und ihren Flugzeugen zwei Start- und Landebahnen zur Verf\u00fcgung. Die Nordbahn dabei ausschlie\u00dflich f\u00fcr Segelflugzeuge, die S\u00fcdbahn hingegen kann f\u00fcr Segelflugzeuge und Motorflugzeuge genutzt werden.<\/p>\n\n\n\n<p>Hauptstartart f\u00fcr Segelflugzeuge ist auf dem \u00dcbersberg der Windenstart. Auf den beiden ca. 1100m langen Schleppstrecken werden durchschnittliche H\u00f6hen von 400m erreicht, gen\u00fcgend um den Anschluss an die Thermik zu finden. Der \u00dcbersberg ist auch f\u00fcr den F-Schlepp mit Motorseglern und Ultraleichtflugzeugen zugelassen.<\/p>\n\n\n\n<p>Aufgrund der Entfernung zum kontrollierten Luftraum rund um den Stuttgarter Flughafen haben wir praktisch keine Einschr\u00e4nkungen f\u00fcr den normalen Segelflugbetrieb.<\/p>\n\n\n\n<p>Der \u00dcbersberg eignet sich auch bestens f\u00fcr Fluglager. In unserem Hallenanbau gibt es einen gro\u00dfen Aufenthaltsraum mit gem\u00fctlichem Kamin und K\u00fcche, ein B\u00fcro mit Internetanschluss, zwei Schlafr\u00e4ume und die sanit\u00e4ren Anlagen. Mehr dazu findet Ihr unter der Rubrik&nbsp;Fluglager.\n\n<\/p>\n","protected":false},"excerpt":{"rendered":"<p>Auf dem Segelfluggel\u00e4nde \u00dcbersberg f\u00fchren die vier&nbsp;Vereine&nbsp;Luftsportverein Reutlingen, AKAFlieg T\u00fcbingen, FSG Heinkel und FSG Pliezhausen ihren Flugbetrieb durch. Zur Organisation und Verwaltung des Flugplatzes sowie der Koordination des Flugbetriebs wurde die&nbsp;Flugsportvereinigung \u00dcbersberg e.V. (FSV\u00dc)&nbsp;geschaffen. Der \u00dcbersberg liegt 048\u00b027&#8217;33&#8221;Nord, 009\u00b017&#8217;55&#8221;Ost exponiert<\/p>\n","protected":false},"author":2,"featured_media":0,"parent":0,"menu_order":0,"comment_status":"closed","ping_status":"closed","template":"","meta":{"ngg_post_thumbnail":0,"footnotes":""},"class_list":["post-190","page","type-page","status-publish","hentry"],"_links":{"self":[{"href":"https:\/\/www.uebersberg.de\/index.php\/wp-json\/wp\/v2\/pages\/190","targetHints":{"allow":["GET"]}}],"collection":[{"href":"https:\/\/www.uebersberg.de\/index.php\/wp-json\/wp\/v2\/pages"}],"about":[{"href":"https:\/\/www.uebersberg.de\/index.php\/wp-json\/wp\/v2\/types\/page"}],"author":[{"embeddable":true,"href":"https:\/\/www.uebersberg.de\/index.php\/wp-json\/wp\/v2\/users\/2"}],"replies":[{"embeddable":true,"href":"https:\/\/www.uebersberg.de\/index.php\/wp-json\/wp\/v2\/comments?post=190"}],"version-history":[{"count":5,"href":"https:\/\/www.uebersberg.de\/index.php\/wp-json\/wp\/v2\/pages\/190\/revisions"}],"predecessor-version":[{"id":304,"href":"https:\/\/www.uebersberg.de\/index.php\/wp-json\/wp\/v2\/pages\/190\/revisions\/304"}],"wp:attachment":[{"href":"https:\/\/www.uebersberg.de\/index.php\/wp-json\/wp\/v2\/media?parent=190"}],"curies":[{"name":"wp","href":"https:\/\/api.w.org\/{rel}","templated":true}]}}