{"id":191,"date":"2019-01-03T20:45:13","date_gmt":"2019-01-03T20:45:13","guid":{"rendered":"https:\/\/www.uebersberg.de\/?page_id=191"},"modified":"2019-01-17T20:12:17","modified_gmt":"2019-01-17T20:12:17","slug":"anfahrt","status":"publish","type":"page","link":"https:\/\/www.uebersberg.de\/index.php\/anfahrt\/","title":{"rendered":"Anfahrt"},"content":{"rendered":"\n<figure class=\"wp-block-image\"><img loading=\"lazy\" decoding=\"async\" width=\"750\" height=\"268\" src=\"https:\/\/www.uebersberg.de\/wp-content\/uploads\/2019\/01\/anfahrt-1.png\" alt=\"\" class=\"wp-image-849\" srcset=\"https:\/\/www.uebersberg.de\/wp-content\/uploads\/2019\/01\/anfahrt-1.png 750w, https:\/\/www.uebersberg.de\/wp-content\/uploads\/2019\/01\/anfahrt-1-300x107.png 300w\" sizes=\"auto, (max-width: 750px) 100vw, 750px\" \/><\/figure>\n\n\n\n<p>Der \u00dcbersberg eignet sich hervorragend als Ausflugsziel, das mit dem Auto oder Fahrrad von Pfullingen aus zu erreichen ist. Neben unserem Flugplatz, auf dem Sie oft auch gerne zu einem Gastflug im Segelflugzeug abheben k\u00f6nnen, gibt es auch einen schw\u00e4bischen Gasthof, den Grillplatz G\u00f6llesberg und auf dem nahe gelegenem M\u00e4dlesfelsen eine herrliche Aussicht \u00fcber Reutlingen und Eningen u.A.<\/p>\n\n\n\n<p><strong>Von Reutlingen \/ Stuttgart:<\/strong><br>In Reutlingen auf die B312 in Richtung Pfullingen \/ Riedlingen fahren. Am Ortsausgang Reutlingen neben einem Caravan H\u00e4ndler rechts nach Pfullingen Nord abbiegen (B312 Alt). Dieser Stra\u00dfe bis in das Ortszentrum Pfullingen folgen und dann in der Stadtmitte (bei der Kirche) links abbiegen. Der \u00dcbersberg ist hier bereits ausgeschildert. Auf dieser Stra\u00dfe Pfullingen verlassen und immer den Hinweisschildern \u00dcbersberger Hof folgen. Die Stra\u00dfe verl\u00e4uft nach dem Ortsausgang Pfullingen f\u00fcr ca. 8 km ansteigend im Wald, nach der letzten Kehre ist das Hofgut \u00dcbersberg erreicht. Jetzt noch ca. 100m dem Stra\u00dfenverlauf folgen und Sie haben den Parkplatz am Segelfluggel\u00e4nde \u00dcbersberg erreicht.<\/p>\n\n\n\n<p><strong>Von Lichtenstein \/ Schw\u00e4bische Alb:<\/strong><br>Fahren Sie auf der B312 in Richtung Reutlingen \/ Pfullingen. Nach der Ortschaft Unterhausen biegen Sie links ab Richtung Pfullingen S\u00fcd (B312 Alt). In der Stadtmitte Pfullingen (vor der Kreissparkasse) rechts Richtung \u00dcbersberg (ausgeschildert) fahren. Weiter ist der Weg identisch mit der Anfahrt aus Richtung Reutlingen.<br><\/p>\n","protected":false},"excerpt":{"rendered":"<p>Der \u00dcbersberg eignet sich hervorragend als Ausflugsziel, das mit dem Auto oder Fahrrad von Pfullingen aus zu erreichen ist. Neben unserem Flugplatz, auf dem Sie oft auch gerne zu einem Gastflug im Segelflugzeug abheben k\u00f6nnen, gibt es auch einen schw\u00e4bischen<\/p>\n","protected":false},"author":2,"featured_media":0,"parent":0,"menu_order":0,"comment_status":"closed","ping_status":"closed","template":"","meta":{"ngg_post_thumbnail":0,"footnotes":""},"class_list":["post-191","page","type-page","status-publish","hentry"],"_links":{"self":[{"href":"https:\/\/www.uebersberg.de\/index.php\/wp-json\/wp\/v2\/pages\/191","targetHints":{"allow":["GET"]}}],"collection":[{"href":"https:\/\/www.uebersberg.de\/index.php\/wp-json\/wp\/v2\/pages"}],"about":[{"href":"https:\/\/www.uebersberg.de\/index.php\/wp-json\/wp\/v2\/types\/page"}],"author":[{"embeddable":true,"href":"https:\/\/www.uebersberg.de\/index.php\/wp-json\/wp\/v2\/users\/2"}],"replies":[{"embeddable":true,"href":"https:\/\/www.uebersberg.de\/index.php\/wp-json\/wp\/v2\/comments?post=191"}],"version-history":[{"count":7,"href":"https:\/\/www.uebersberg.de\/index.php\/wp-json\/wp\/v2\/pages\/191\/revisions"}],"predecessor-version":[{"id":850,"href":"https:\/\/www.uebersberg.de\/index.php\/wp-json\/wp\/v2\/pages\/191\/revisions\/850"}],"wp:attachment":[{"href":"https:\/\/www.uebersberg.de\/index.php\/wp-json\/wp\/v2\/media?parent=191"}],"curies":[{"name":"wp","href":"https:\/\/api.w.org\/{rel}","templated":true}]}}