{"id":194,"date":"2019-01-03T20:45:13","date_gmt":"2019-01-03T20:45:13","guid":{"rendered":"https:\/\/www.uebersberg.de\/?page_id=194"},"modified":"2026-03-14T15:02:24","modified_gmt":"2026-03-14T15:02:24","slug":"webcam","status":"publish","type":"page","link":"https:\/\/www.uebersberg.de\/index.php\/webcam\/","title":{"rendered":"Webcam"},"content":{"rendered":"\n<figure class=\"wp-block-image\"><img loading=\"lazy\" decoding=\"async\" width=\"750\" height=\"268\" src=\"https:\/\/www.uebersberg.de\/wp-content\/uploads\/2019\/01\/webcam.png\" alt=\"\" class=\"wp-image-579\" srcset=\"https:\/\/www.uebersberg.de\/wp-content\/uploads\/2019\/01\/webcam.png 750w, https:\/\/www.uebersberg.de\/wp-content\/uploads\/2019\/01\/webcam-300x107.png 300w\" sizes=\"auto, (max-width: 750px) 100vw, 750px\" \/><\/figure>\n\n\n\n<p>Auf dem \u00dcbersberg gibt es zwei Webcams, anhand derer man sich einen \u00dcberblick \u00fcber die aktuelle Situation verschaffen kann. Eine der Webcams zeigt ein Bild des Hallenvorplatzes, die zweite einen Blick Richtung Osten auf das Flugfeld, besonders das Wettergeschehen ist hier gut zu erkennen.<\/p>\n\n\n\n<p>Die aktuelle Aussicht auf das Fluggel\u00e4nde \u00dcbersberg:<\/p>\n\n\n\n<img decoding=\"async\" style=\"display: block; margin-left: auto; margin-right: Auto; width: 800px;\" src=\"https:\/\/webcam.uebersberg.de\/webcam\/uebe-img.jpeg?1546617065279\" alt=\"\" name=\"webcam_platz\">\n\n\n\n<p>Die aktuelle Aussicht auf das Vorfeld:<\/p>\n\n\n\n<img decoding=\"async\" style=\"display: block; margin-left: auto; margin-right: Auto; width: 800px;\" src=\"https:\/\/webcam.uebersberg.de\/webcam\/vorfeld-img.jpg?1546617065279\" alt=\"\" name=\"webcam_platz\">\n\n\n\n<p><\/p>\n","protected":false},"excerpt":{"rendered":"<p>Auf dem \u00dcbersberg gibt es zwei Webcams, anhand derer man sich einen \u00dcberblick \u00fcber die aktuelle Situation verschaffen kann. Eine der Webcams zeigt ein Bild des Hallenvorplatzes, die zweite einen Blick Richtung Osten auf das Flugfeld, besonders das Wettergeschehen ist<\/p>\n","protected":false},"author":2,"featured_media":0,"parent":0,"menu_order":0,"comment_status":"closed","ping_status":"closed","template":"","meta":{"ngg_post_thumbnail":0,"footnotes":""},"class_list":["post-194","page","type-page","status-publish","hentry"],"_links":{"self":[{"href":"https:\/\/www.uebersberg.de\/index.php\/wp-json\/wp\/v2\/pages\/194","targetHints":{"allow":["GET"]}}],"collection":[{"href":"https:\/\/www.uebersberg.de\/index.php\/wp-json\/wp\/v2\/pages"}],"about":[{"href":"https:\/\/www.uebersberg.de\/index.php\/wp-json\/wp\/v2\/types\/page"}],"author":[{"embeddable":true,"href":"https:\/\/www.uebersberg.de\/index.php\/wp-json\/wp\/v2\/users\/2"}],"replies":[{"embeddable":true,"href":"https:\/\/www.uebersberg.de\/index.php\/wp-json\/wp\/v2\/comments?post=194"}],"version-history":[{"count":20,"href":"https:\/\/www.uebersberg.de\/index.php\/wp-json\/wp\/v2\/pages\/194\/revisions"}],"predecessor-version":[{"id":1362,"href":"https:\/\/www.uebersberg.de\/index.php\/wp-json\/wp\/v2\/pages\/194\/revisions\/1362"}],"wp:attachment":[{"href":"https:\/\/www.uebersberg.de\/index.php\/wp-json\/wp\/v2\/media?parent=194"}],"curies":[{"name":"wp","href":"https:\/\/api.w.org\/{rel}","templated":true}]}}