{"id":2,"date":"2018-12-30T13:43:49","date_gmt":"2018-12-30T13:43:49","guid":{"rendered":"https:\/\/www.uebersberg.de\/?page_id=2"},"modified":"2019-06-09T15:28:03","modified_gmt":"2019-06-09T15:28:03","slug":"ubersberg-wettbewerb","status":"publish","type":"page","link":"https:\/\/www.uebersberg.de\/index.php\/ubersberg-wettbewerb\/","title":{"rendered":"16. \u00dcbersberg Wettbewerb"},"content":{"rendered":"\n<figure class=\"wp-block-image\"><img loading=\"lazy\" decoding=\"async\" width=\"750\" height=\"268\" src=\"https:\/\/www.uebersberg.de\/wp-content\/uploads\/2019\/01\/wettbewerb-1.png\" alt=\"\" class=\"wp-image-860\" srcset=\"https:\/\/www.uebersberg.de\/wp-content\/uploads\/2019\/01\/wettbewerb-1.png 750w, https:\/\/www.uebersberg.de\/wp-content\/uploads\/2019\/01\/wettbewerb-1-300x107.png 300w\" sizes=\"auto, (max-width: 750px) 100vw, 750px\" \/><\/figure>\n\n\n\n<p>Die <strong>Anmeldeunterlagen<\/strong> gibt er <a href=\"https:\/\/www.uebersberg.de\/wp-content\/uploads\/2019\/04\/Uebe19_Anmeldung.pdf\">hier<\/a> zum Download.<\/p>\n\n\n\n<p style=\"text-align:left\">Es ist soweit: Wie gewohnt wird es in der ersten Pfingstwoche spannend auf dem \u00dcbersberg. Der <strong>16. \u00dcbersberg Wettbewerb <\/strong>steht an: <\/p>\n\n\n\n<p style=\"color:#2c89a0\" class=\"has-text-color\"><strong>08.-15.06.2019<\/strong><\/p>\n\n\n\n<p>Gemeinsam richten die Vereine der FSV\u00dc wieder eine spannende Woche aus. Der Freundschaftswettbewerb richtet sich an alle ambitionierten Piloten &#8211; mit und ohne Wettbewerbserfahrung. Das F\u00f6rdern des Strecken- und Leistungssegelflugs und der Erfahrungsaustausch unter Segelfliegern stehen dabei im Vordergrund. Dem fliegerischen Nachwuchs wird dadurch die M\u00f6glichkeit geboten, erste Erfahrungen im Wettbewerbsflug zu sammeln. Die Fl\u00fcge werden wettbewerbsm\u00e4\u00dfig durchgef\u00fchrt.  <\/p>\n\n\n\n<p style=\"text-align:left\">Zu den Fakten:<\/p>\n\n\n\n<p><strong>Termine<\/strong><\/p>\n\n\n\n<table class=\"wp-block-table has-fixed-layout is-style-stripes\"><tbody><tr><td>Wettbewerb<\/td><td>08.-15.06.2019<\/td><\/tr><tr><td>Anmeldeschluss<\/td><td>15.05.2019<\/td><\/tr><tr><td>1. Briefing<\/td><td>07.06.2019 | 19 Uhr<\/td><\/tr><tr><td>Abschlussfest<\/td><td>15.06.2019<\/td><\/tr><\/tbody><\/table>\n\n\n\n<p><strong>Wettbewerb<\/strong><\/p>\n\n\n\n<table class=\"wp-block-table has-fixed-layout is-style-stripes\"><tbody><tr><td>Klassen<\/td><td>Club<br>Standard<br>Leistung<br>Doppelsitzer <\/td><\/tr><tr><td>Start<\/td><td>Winde<\/td><\/tr><tr><td>R\u00fcckholer<\/td><td>Dynamic WT9<br>Grob G109 Turbo <\/td><\/tr><\/tbody><\/table>\n\n\n\n<p><strong>Wettbewerbsleitung<\/strong><\/p>\n\n\n\n<table class=\"wp-block-table has-fixed-layout is-style-stripes\"><tbody><tr><td>Wettbewerbsleitung<\/td><td>Philipp Nierkamp<\/td><\/tr><tr><td>Sportleitung<\/td><td>Felix Blendinger<\/td><\/tr><tr><td>Meteorologe<\/td><td>Jochen Franz<\/td><\/tr><\/tbody><\/table>\n\n\n\n<p>Dar\u00fcber hinaus k\u00f6nnt ihr auch bei uns rundherum wohlf\u00fchlen &#8211; unser moderner Hallenanbau bietet euch gepflegte Sanit\u00e4ranlagen, Aufenthalts- und B\u00fcror\u00e4ume. Und auch f\u00fcr euer leibliches Wohl wird gesorgt sein. <\/p>\n\n\n\n<p>Falls ihr Fragen habt, k\u00f6nnt uns jederzeit unter<a href=\"mailto:wettbewerb@flugplatz-uebersberg.de\">\u00a0wettbewerb@flugplatz-uebersberg.de<\/a> erreichen. <\/p>\n\n\n\n<p>Wir freuen uns auf euch! <\/p>\n","protected":false},"excerpt":{"rendered":"<p>Es ist soweit: Es gibt ein Datum! Wie gewohnt wird es in der ersten Pfingstwoche spannend auf dem \u00dcbersberg. Der 16. \u00dcbersberg Wettbewerb steht an: 08.-15.06.2019<\/p>\n","protected":false},"author":1,"featured_media":129,"parent":0,"menu_order":0,"comment_status":"closed","ping_status":"open","template":"","meta":{"ngg_post_thumbnail":0,"footnotes":""},"class_list":["post-2","page","type-page","status-publish","has-post-thumbnail","hentry"],"_links":{"self":[{"href":"https:\/\/www.uebersberg.de\/index.php\/wp-json\/wp\/v2\/pages\/2","targetHints":{"allow":["GET"]}}],"collection":[{"href":"https:\/\/www.uebersberg.de\/index.php\/wp-json\/wp\/v2\/pages"}],"about":[{"href":"https:\/\/www.uebersberg.de\/index.php\/wp-json\/wp\/v2\/types\/page"}],"author":[{"embeddable":true,"href":"https:\/\/www.uebersberg.de\/index.php\/wp-json\/wp\/v2\/users\/1"}],"replies":[{"embeddable":true,"href":"https:\/\/www.uebersberg.de\/index.php\/wp-json\/wp\/v2\/comments?post=2"}],"version-history":[{"count":63,"href":"https:\/\/www.uebersberg.de\/index.php\/wp-json\/wp\/v2\/pages\/2\/revisions"}],"predecessor-version":[{"id":1104,"href":"https:\/\/www.uebersberg.de\/index.php\/wp-json\/wp\/v2\/pages\/2\/revisions\/1104"}],"wp:featuredmedia":[{"embeddable":true,"href":"https:\/\/www.uebersberg.de\/index.php\/wp-json\/wp\/v2\/media\/129"}],"wp:attachment":[{"href":"https:\/\/www.uebersberg.de\/index.php\/wp-json\/wp\/v2\/media?parent=2"}],"curies":[{"name":"wp","href":"https:\/\/api.w.org\/{rel}","templated":true}]}}