{"id":478,"date":"2019-01-13T16:04:27","date_gmt":"2019-01-13T16:04:27","guid":{"rendered":"https:\/\/www.uebersberg.de\/?page_id=478"},"modified":"2019-06-15T12:32:14","modified_gmt":"2019-06-15T12:32:14","slug":"livetracking","status":"publish","type":"page","link":"https:\/\/www.uebersberg.de\/index.php\/livetracking\/","title":{"rendered":"16. \u00dcbersberg Wettbewerb &#8211; Livetracking"},"content":{"rendered":"\n<p>Damit auch R\u00fcckholer und Fans tags\u00fcber mitfiebern k\u00f6nnen, wird es in diesem Jahr ein Livetracking der Wettbewerbspiloten geben. <\/p>\n\n\n\n<p>Wertungstag 06 &#8211; 15. Juni 2019<\/p>\n\n\n<p><br>\n<!--StartFragment--><\/p>\n\n\n<p>Offene Klasse:<\/p>\n\n\n\n<p><a href=\"http:\/\/www.glidertracker.org\/#lst=https:\/\/www.uebersberg.de\/wb2019\/tracking_of_v4.csv&amp;tsk=https:\/\/www.uebersberg.de\/wb2019\/190615_OF.tsk\" target=\"_blank\" rel=\"noreferrer noopener\" aria-label=\" (opens in a new tab)\">Glidertracker OF WT06<\/a><\/p>\n\n\n\n<p>Standard Klasse<\/p>\n\n\n\n<p><a href=\"http:\/\/www.glidertracker.org\/#lst=https:\/\/www.uebersberg.de\/wb2019\/tracking_std_v4.csv&amp;tsk=https:\/\/www.uebersberg.de\/wb2019\/190615_STD.tsk\" target=\"_blank\" rel=\"noreferrer noopener\" aria-label=\" (opens in a new tab)\">Glidertracker STD WT06<\/a><\/p>\n\n\n<p><!--EndFragment--><br><br><\/p>\n\n\n<p>Wertungstag 05 &#8211; 14. Juni 2019<\/p>\n\n\n\n<p>Offene Klasse:<\/p>\n\n\n\n<p><a href=\"http:\/\/www.glidertracker.org\/#lst=https:\/\/www.uebersberg.de\/wb2019\/tracking_of_v4.csv&amp;tsk=https:\/\/www.uebersberg.de\/wb2019\/190614_STDOF.tsk\" target=\"_blank\" rel=\"noreferrer noopener\" aria-label=\" (opens in a new tab)\">Glidertracker OF WT04<\/a><\/p>\n\n\n\n<p>Standard Klasse<\/p>\n\n\n\n<p><a href=\"http:\/\/www.glidertracker.org\/#lst=https:\/\/www.uebersberg.de\/wb2019\/tracking_std_v4.csv&amp;tsk=https:\/\/www.uebersberg.de\/wb2019\/190614_STDOF.tsk\" target=\"_blank\" rel=\"noreferrer noopener\" aria-label=\" (opens in a new tab)\">Glidertracker STD WT04<\/a><\/p>\n\n\n\n<p>Wertungstag 04 &#8211; 13. Juni 2019<\/p>\n\n\n\n<p><\/p>\n\n\n\n<p><\/p>\n\n\n\n<p><\/p>\n\n\n\n<p>Offene Klasse: <br><a href=\"http:\/\/www.glidertracker.org\/#lst=https:\/\/www.uebersberg.de\/wb2019\/tracking_of_v2.csv&amp;tsk=https:\/\/www.uebersberg.de\/wb2019\/190613_OF.tsk\" target=\"_blank\" rel=\"noreferrer noopener\" aria-label=\" (opens in a new tab)\">Glidertracker OF WT04<\/a><\/p>\n\n\n\n<p>Standard Klasse:<br><a href=\"http:\/\/www.glidertracker.org\/#lst=https:\/\/www.uebersberg.de\/wb2019\/tracking_std_v2.csv&amp;tsk=https:\/\/www.uebersberg.de\/wb2019\/190613_STD.tsk\" target=\"_blank\" rel=\"noreferrer noopener\" aria-label=\" (opens in a new tab)\">Glidertracker STD WT04<\/a><\/p>\n\n\n\n<p><\/p>\n\n\n\n<p>Wertungstag 03 &#8211; 12. Juni 2019<\/p>\n\n\n\n<p>Offene Klasse:<br>Glidertracker: <a href=\"http:\/\/www.glidertracker.org\/#lst=https:\/\/www.uebersberg.de\/wb2019\/tracking_of.csv&amp;tsk=https:\/\/www.uebersberg.de\/wb2019\/190612_OF.tsk\" target=\"_blank\" rel=\"noreferrer noopener\" aria-label=\" (opens in a new tab)\">Glidertracker OF WT03<\/a><\/p>\n\n\n\n<p>Standard Klasse:<br>Glidertracker: <a href=\"http:\/\/www.glidertracker.org\/#lst=https:\/\/www.uebersberg.de\/wb2019\/tracking_std.csv&amp;tsk=https:\/\/www.uebersberg.de\/wb2019\/190612_STD.tsk\" target=\"_blank\" rel=\"noreferrer noopener\" aria-label=\" (opens in a new tab)\">Glidertracker STD WT03<\/a><\/p>\n\n\n<p><!--EndFragment--><br>Wertungstag 02 &#8211; 10. Juni 2019<\/p>\n\n\n<p style=\"text-align:left\">Offene Klasse:<br>Glidertracker: <a rel=\"noreferrer noopener\" aria-label=\" (opens in a new tab)\" href=\"http:\/\/www.glidertracker.org\/#lst=https:\/\/www.uebersberg.de\/wb2019\/tracking_of.csv&amp;tsk=https:\/\/www.uebersberg.de\/wb2019\/190610_OF.tsk\" target=\"_blank\">Glidertracker OF WT02<\/a><\/p>\n\n\n\n<p>Standard Klasse:<br>Glidertracker: <a rel=\"noreferrer noopener\" aria-label=\" (opens in a new tab)\" href=\"http:\/\/www.glidertracker.org\/#lst=https:\/\/www.uebersberg.de\/wp2019\/tracking_std.csv&amp;tsk=https:\/\/www.uebersberg.de\/wp2019\/WT01STD.tsk\" target=\"_blank\">Glidertracker STD WT02<\/a><\/p>\n\n\n<p><!--EndFragment--><\/p>\n\n\n<p>Wertungstag 01 &#8211; 08. Juni 2019<\/p>\n\n\n\n<p>Offene Klasse:<br>Glidertracker: <a href=\"http:\/\/www.glidertracker.org\/#lst=https:\/\/www.uebersberg.de\/wp2019\/tracking_of.csv&amp;tsk=https:\/\/www.uebersberg.de\/wp2019\/WT01OF.tsk\" target=\"_blank\" rel=\"noopener noreferrer\">Glidertracker OF WT01<\/a><\/p>\n\n\n\n<p>Standard Klasse:<br>Glidertracker: <a href=\"http:\/\/www.glidertracker.org\/#lst=https:\/\/www.uebersberg.de\/wp2019\/tracking_std.csv&amp;tsk=https:\/\/www.uebersberg.de\/wp2019\/WT01STD.tsk\" target=\"_blank\" rel=\"noreferrer noopener\" aria-label=\" (opens in a new tab)\">Glidertracker STD WT01<\/a><\/p>\n","protected":false},"excerpt":{"rendered":"<p>Damit auch R\u00fcckholer und Fans tags\u00fcber mitfiebern k\u00f6nnen, wird es in diesem Jahr ein Livetracking der Wettbewerbspiloten geben. Wertungstag 06 &#8211; 15. Juni 2019 Offene Klasse: Glidertracker OF WT06 Standard Klasse Glidertracker STD WT06 Wertungstag 05 &#8211; 14. Juni 2019<\/p>\n","protected":false},"author":2,"featured_media":0,"parent":0,"menu_order":0,"comment_status":"closed","ping_status":"closed","template":"","meta":{"ngg_post_thumbnail":0,"footnotes":""},"class_list":["post-478","page","type-page","status-publish","hentry"],"_links":{"self":[{"href":"https:\/\/www.uebersberg.de\/index.php\/wp-json\/wp\/v2\/pages\/478","targetHints":{"allow":["GET"]}}],"collection":[{"href":"https:\/\/www.uebersberg.de\/index.php\/wp-json\/wp\/v2\/pages"}],"about":[{"href":"https:\/\/www.uebersberg.de\/index.php\/wp-json\/wp\/v2\/types\/page"}],"author":[{"embeddable":true,"href":"https:\/\/www.uebersberg.de\/index.php\/wp-json\/wp\/v2\/users\/2"}],"replies":[{"embeddable":true,"href":"https:\/\/www.uebersberg.de\/index.php\/wp-json\/wp\/v2\/comments?post=478"}],"version-history":[{"count":23,"href":"https:\/\/www.uebersberg.de\/index.php\/wp-json\/wp\/v2\/pages\/478\/revisions"}],"predecessor-version":[{"id":1178,"href":"https:\/\/www.uebersberg.de\/index.php\/wp-json\/wp\/v2\/pages\/478\/revisions\/1178"}],"wp:attachment":[{"href":"https:\/\/www.uebersberg.de\/index.php\/wp-json\/wp\/v2\/media?parent=478"}],"curies":[{"name":"wp","href":"https:\/\/api.w.org\/{rel}","templated":true}]}}