{"id":509,"date":"2019-01-13T16:21:10","date_gmt":"2019-01-13T16:21:10","guid":{"rendered":"https:\/\/www.uebersberg.de\/?page_id=509"},"modified":"2019-01-14T22:21:33","modified_gmt":"2019-01-14T22:21:33","slug":"impressionen","status":"publish","type":"page","link":"https:\/\/www.uebersberg.de\/index.php\/impressionen\/","title":{"rendered":"\u00dcbersberg Wettbewerb &#8211; Impressionen"},"content":{"rendered":"\n<p>Hier mal ein paar Eindr\u00fccke vergangener Wettbewerbe: <\/p>\n\n\n\n<p><strong>15. \u00dcbersbergwettbewerb (2017)<\/strong><\/p>\n\n\n\n<div style=\"height:40px\" aria-hidden=\"true\" class=\"wp-block-spacer\"><\/div>\n\n\n\n<ul class=\"wp-block-gallery columns-3 is-cropped wp-block-gallery-1 is-layout-flex wp-block-gallery-is-layout-flex\"><li class=\"blocks-gallery-item\"><figure><img loading=\"lazy\" decoding=\"async\" width=\"1024\" height=\"768\" src=\"https:\/\/www.uebersberg.de\/wp-content\/uploads\/2019\/01\/P1050144-1024x768.jpg\" alt=\"\" data-id=\"623\" data-link=\"https:\/\/www.uebersberg.de\/index.php\/impressionen\/p1050144\/\" class=\"wp-image-623\" srcset=\"https:\/\/www.uebersberg.de\/wp-content\/uploads\/2019\/01\/P1050144-1024x768.jpg 1024w, https:\/\/www.uebersberg.de\/wp-content\/uploads\/2019\/01\/P1050144-300x225.jpg 300w, https:\/\/www.uebersberg.de\/wp-content\/uploads\/2019\/01\/P1050144-768x576.jpg 768w, https:\/\/www.uebersberg.de\/wp-content\/uploads\/2019\/01\/P1050144.jpg 1200w\" sizes=\"auto, (max-width: 1024px) 100vw, 1024px\" \/><\/figure><\/li><li class=\"blocks-gallery-item\"><figure><img loading=\"lazy\" decoding=\"async\" width=\"1024\" height=\"683\" src=\"https:\/\/www.uebersberg.de\/wp-content\/uploads\/2019\/01\/DSCF8123-1024x683.jpg\" alt=\"\" data-id=\"624\" data-link=\"https:\/\/www.uebersberg.de\/index.php\/impressionen\/dscf8123\/\" class=\"wp-image-624\" srcset=\"https:\/\/www.uebersberg.de\/wp-content\/uploads\/2019\/01\/DSCF8123-1024x683.jpg 1024w, https:\/\/www.uebersberg.de\/wp-content\/uploads\/2019\/01\/DSCF8123-300x200.jpg 300w, https:\/\/www.uebersberg.de\/wp-content\/uploads\/2019\/01\/DSCF8123-768x512.jpg 768w\" sizes=\"auto, (max-width: 1024px) 100vw, 1024px\" \/><\/figure><\/li><li class=\"blocks-gallery-item\"><figure><img loading=\"lazy\" decoding=\"async\" width=\"1024\" height=\"683\" src=\"https:\/\/www.uebersberg.de\/wp-content\/uploads\/2019\/01\/DSCF8079-1024x683.jpg\" alt=\"\" data-id=\"625\" data-link=\"https:\/\/www.uebersberg.de\/index.php\/impressionen\/dscf8079\/\" class=\"wp-image-625\" srcset=\"https:\/\/www.uebersberg.de\/wp-content\/uploads\/2019\/01\/DSCF8079-1024x683.jpg 1024w, https:\/\/www.uebersberg.de\/wp-content\/uploads\/2019\/01\/DSCF8079-300x200.jpg 300w, https:\/\/www.uebersberg.de\/wp-content\/uploads\/2019\/01\/DSCF8079-768x512.jpg 768w, https:\/\/www.uebersberg.de\/wp-content\/uploads\/2019\/01\/DSCF8079.jpg 1200w\" sizes=\"auto, (max-width: 1024px) 100vw, 1024px\" \/><\/figure><\/li><li class=\"blocks-gallery-item\"><figure><img loading=\"lazy\" decoding=\"async\" width=\"1024\" height=\"683\" src=\"https:\/\/www.uebersberg.de\/wp-content\/uploads\/2019\/01\/DSCF8065-1024x683.jpg\" alt=\"\" data-id=\"626\" data-link=\"https:\/\/www.uebersberg.de\/index.php\/impressionen\/dscf8065\/\" class=\"wp-image-626\" srcset=\"https:\/\/www.uebersberg.de\/wp-content\/uploads\/2019\/01\/DSCF8065-1024x683.jpg 1024w, https:\/\/www.uebersberg.de\/wp-content\/uploads\/2019\/01\/DSCF8065-300x200.jpg 300w, https:\/\/www.uebersberg.de\/wp-content\/uploads\/2019\/01\/DSCF8065-768x512.jpg 768w, https:\/\/www.uebersberg.de\/wp-content\/uploads\/2019\/01\/DSCF8065.jpg 1200w\" sizes=\"auto, (max-width: 1024px) 100vw, 1024px\" \/><\/figure><\/li><li class=\"blocks-gallery-item\"><figure><img loading=\"lazy\" decoding=\"async\" width=\"1024\" height=\"683\" src=\"https:\/\/www.uebersberg.de\/wp-content\/uploads\/2019\/01\/DSCF8040-1024x683.jpg\" alt=\"\" data-id=\"627\" data-link=\"https:\/\/www.uebersberg.de\/index.php\/impressionen\/dscf8040\/\" class=\"wp-image-627\" srcset=\"https:\/\/www.uebersberg.de\/wp-content\/uploads\/2019\/01\/DSCF8040-1024x683.jpg 1024w, https:\/\/www.uebersberg.de\/wp-content\/uploads\/2019\/01\/DSCF8040-300x200.jpg 300w, https:\/\/www.uebersberg.de\/wp-content\/uploads\/2019\/01\/DSCF8040-768x512.jpg 768w, https:\/\/www.uebersberg.de\/wp-content\/uploads\/2019\/01\/DSCF8040.jpg 1200w\" sizes=\"auto, (max-width: 1024px) 100vw, 1024px\" \/><\/figure><\/li><li class=\"blocks-gallery-item\"><figure><img loading=\"lazy\" decoding=\"async\" width=\"1024\" height=\"683\" src=\"https:\/\/www.uebersberg.de\/wp-content\/uploads\/2019\/01\/DSCF8003-1024x683.jpg\" alt=\"\" data-id=\"629\" data-link=\"https:\/\/www.uebersberg.de\/index.php\/impressionen\/dscf8003\/\" class=\"wp-image-629\" srcset=\"https:\/\/www.uebersberg.de\/wp-content\/uploads\/2019\/01\/DSCF8003-1024x683.jpg 1024w, https:\/\/www.uebersberg.de\/wp-content\/uploads\/2019\/01\/DSCF8003-300x200.jpg 300w, https:\/\/www.uebersberg.de\/wp-content\/uploads\/2019\/01\/DSCF8003-768x512.jpg 768w, https:\/\/www.uebersberg.de\/wp-content\/uploads\/2019\/01\/DSCF8003.jpg 1200w\" sizes=\"auto, (max-width: 1024px) 100vw, 1024px\" \/><\/figure><\/li><li class=\"blocks-gallery-item\"><figure><img loading=\"lazy\" decoding=\"async\" width=\"1024\" height=\"683\" src=\"https:\/\/www.uebersberg.de\/wp-content\/uploads\/2019\/01\/DSCF8001-1024x683.jpg\" alt=\"\" data-id=\"631\" data-link=\"https:\/\/www.uebersberg.de\/index.php\/impressionen\/dscf8001\/\" class=\"wp-image-631\" srcset=\"https:\/\/www.uebersberg.de\/wp-content\/uploads\/2019\/01\/DSCF8001-1024x683.jpg 1024w, https:\/\/www.uebersberg.de\/wp-content\/uploads\/2019\/01\/DSCF8001-300x200.jpg 300w, https:\/\/www.uebersberg.de\/wp-content\/uploads\/2019\/01\/DSCF8001-768x512.jpg 768w\" sizes=\"auto, (max-width: 1024px) 100vw, 1024px\" \/><\/figure><\/li><li class=\"blocks-gallery-item\"><figure><img loading=\"lazy\" decoding=\"async\" width=\"1024\" height=\"683\" src=\"https:\/\/www.uebersberg.de\/wp-content\/uploads\/2019\/01\/DSCF7997-1024x683.jpg\" alt=\"\" data-id=\"632\" data-link=\"https:\/\/www.uebersberg.de\/index.php\/impressionen\/dscf7997\/\" class=\"wp-image-632\" srcset=\"https:\/\/www.uebersberg.de\/wp-content\/uploads\/2019\/01\/DSCF7997-1024x683.jpg 1024w, https:\/\/www.uebersberg.de\/wp-content\/uploads\/2019\/01\/DSCF7997-300x200.jpg 300w, https:\/\/www.uebersberg.de\/wp-content\/uploads\/2019\/01\/DSCF7997-768x512.jpg 768w, https:\/\/www.uebersberg.de\/wp-content\/uploads\/2019\/01\/DSCF7997.jpg 1200w\" sizes=\"auto, (max-width: 1024px) 100vw, 1024px\" \/><\/figure><\/li><li class=\"blocks-gallery-item\"><figure><img loading=\"lazy\" decoding=\"async\" width=\"1024\" height=\"576\" src=\"https:\/\/www.uebersberg.de\/wp-content\/uploads\/2019\/01\/20170603_101805_web-1024x576.jpg\" alt=\"\" data-id=\"633\" data-link=\"https:\/\/www.uebersberg.de\/index.php\/impressionen\/20170603_101805_web\/\" class=\"wp-image-633\" srcset=\"https:\/\/www.uebersberg.de\/wp-content\/uploads\/2019\/01\/20170603_101805_web-1024x576.jpg 1024w, https:\/\/www.uebersberg.de\/wp-content\/uploads\/2019\/01\/20170603_101805_web-300x169.jpg 300w, https:\/\/www.uebersberg.de\/wp-content\/uploads\/2019\/01\/20170603_101805_web-768x432.jpg 768w, https:\/\/www.uebersberg.de\/wp-content\/uploads\/2019\/01\/20170603_101805_web.jpg 1200w\" sizes=\"auto, (max-width: 1024px) 100vw, 1024px\" \/><\/figure><\/li><\/ul>\n\n\n\n<hr class=\"wp-block-separator\"\/>\n\n\n\n<p><strong>14. \u00dcbersbergwettbewerb (2015)<\/strong><\/p>\n\n\n\n<div style=\"height:47px\" aria-hidden=\"true\" class=\"wp-block-spacer\"><\/div>\n\n\n\n<ul class=\"wp-block-gallery columns-3 is-cropped wp-block-gallery-2 is-layout-flex wp-block-gallery-is-layout-flex\"><li class=\"blocks-gallery-item\"><figure><img loading=\"lazy\" decoding=\"async\" width=\"1024\" height=\"683\" src=\"https:\/\/www.uebersberg.de\/wp-content\/uploads\/2019\/01\/264-1024x683.jpg\" alt=\"\" data-id=\"640\" data-link=\"https:\/\/www.uebersberg.de\/index.php\/impressionen\/attachment\/264\/\" class=\"wp-image-640\" srcset=\"https:\/\/www.uebersberg.de\/wp-content\/uploads\/2019\/01\/264-1024x683.jpg 1024w, https:\/\/www.uebersberg.de\/wp-content\/uploads\/2019\/01\/264-300x200.jpg 300w, https:\/\/www.uebersberg.de\/wp-content\/uploads\/2019\/01\/264-768x512.jpg 768w, https:\/\/www.uebersberg.de\/wp-content\/uploads\/2019\/01\/264.jpg 1600w\" sizes=\"auto, (max-width: 1024px) 100vw, 1024px\" \/><\/figure><\/li><li class=\"blocks-gallery-item\"><figure><img loading=\"lazy\" decoding=\"async\" width=\"1024\" height=\"683\" src=\"https:\/\/www.uebersberg.de\/wp-content\/uploads\/2019\/01\/265-1024x683.jpg\" alt=\"\" data-id=\"641\" data-link=\"https:\/\/www.uebersberg.de\/index.php\/impressionen\/attachment\/265\/\" class=\"wp-image-641\" srcset=\"https:\/\/www.uebersberg.de\/wp-content\/uploads\/2019\/01\/265-1024x683.jpg 1024w, https:\/\/www.uebersberg.de\/wp-content\/uploads\/2019\/01\/265-300x200.jpg 300w, https:\/\/www.uebersberg.de\/wp-content\/uploads\/2019\/01\/265-768x512.jpg 768w, https:\/\/www.uebersberg.de\/wp-content\/uploads\/2019\/01\/265.jpg 1600w\" sizes=\"auto, (max-width: 1024px) 100vw, 1024px\" \/><\/figure><\/li><li class=\"blocks-gallery-item\"><figure><img loading=\"lazy\" decoding=\"async\" width=\"1024\" height=\"683\" src=\"https:\/\/www.uebersberg.de\/wp-content\/uploads\/2019\/01\/266-1024x683.jpg\" alt=\"\" data-id=\"642\" data-link=\"https:\/\/www.uebersberg.de\/index.php\/impressionen\/attachment\/266\/\" class=\"wp-image-642\" srcset=\"https:\/\/www.uebersberg.de\/wp-content\/uploads\/2019\/01\/266-1024x683.jpg 1024w, https:\/\/www.uebersberg.de\/wp-content\/uploads\/2019\/01\/266-300x200.jpg 300w, https:\/\/www.uebersberg.de\/wp-content\/uploads\/2019\/01\/266-768x512.jpg 768w, https:\/\/www.uebersberg.de\/wp-content\/uploads\/2019\/01\/266.jpg 1600w\" sizes=\"auto, (max-width: 1024px) 100vw, 1024px\" \/><\/figure><\/li><\/ul>\n\n\n\n<hr class=\"wp-block-separator\"\/>\n\n\n\n<p><strong>13. \u00dcbersbergwettbewerb (2013)<\/strong><\/p>\n\n\n\n<div style=\"height:50px\" aria-hidden=\"true\" class=\"wp-block-spacer\"><\/div>\n\n\n\n<ul class=\"wp-block-gallery columns-3 is-cropped wp-block-gallery-3 is-layout-flex wp-block-gallery-is-layout-flex\"><li class=\"blocks-gallery-item\"><figure><img loading=\"lazy\" decoding=\"async\" width=\"1024\" height=\"675\" src=\"https:\/\/www.uebersberg.de\/wp-content\/uploads\/2019\/01\/26.01-1024x675.jpg\" alt=\"\" data-id=\"533\" data-link=\"https:\/\/www.uebersberg.de\/index.php\/impressionen\/26-01\/\" class=\"wp-image-533\" srcset=\"https:\/\/www.uebersberg.de\/wp-content\/uploads\/2019\/01\/26.01-1024x675.jpg 1024w, https:\/\/www.uebersberg.de\/wp-content\/uploads\/2019\/01\/26.01-300x198.jpg 300w, https:\/\/www.uebersberg.de\/wp-content\/uploads\/2019\/01\/26.01-768x507.jpg 768w, https:\/\/www.uebersberg.de\/wp-content\/uploads\/2019\/01\/26.01.jpg 1025w\" sizes=\"auto, (max-width: 1024px) 100vw, 1024px\" \/><\/figure><\/li><li class=\"blocks-gallery-item\"><figure><img loading=\"lazy\" decoding=\"async\" width=\"1024\" height=\"548\" src=\"https:\/\/www.uebersberg.de\/wp-content\/uploads\/2019\/01\/FK-1024x548.jpg\" alt=\"\" data-id=\"534\" data-link=\"https:\/\/www.uebersberg.de\/index.php\/impressionen\/fk\/\" class=\"wp-image-534\" srcset=\"https:\/\/www.uebersberg.de\/wp-content\/uploads\/2019\/01\/FK-1024x548.jpg 1024w, https:\/\/www.uebersberg.de\/wp-content\/uploads\/2019\/01\/FK-300x160.jpg 300w, https:\/\/www.uebersberg.de\/wp-content\/uploads\/2019\/01\/FK-768x411.jpg 768w, https:\/\/www.uebersberg.de\/wp-content\/uploads\/2019\/01\/FK.jpg 1206w\" sizes=\"auto, (max-width: 1024px) 100vw, 1024px\" \/><\/figure><\/li><li class=\"blocks-gallery-item\"><figure><img loading=\"lazy\" decoding=\"async\" width=\"1024\" height=\"683\" src=\"https:\/\/www.uebersberg.de\/wp-content\/uploads\/2019\/01\/IMG_2924-1024x683.jpg\" alt=\"\" data-id=\"535\" data-link=\"https:\/\/www.uebersberg.de\/index.php\/impressionen\/img_2924\/\" class=\"wp-image-535\" srcset=\"https:\/\/www.uebersberg.de\/wp-content\/uploads\/2019\/01\/IMG_2924-1024x683.jpg 1024w, https:\/\/www.uebersberg.de\/wp-content\/uploads\/2019\/01\/IMG_2924-300x200.jpg 300w, https:\/\/www.uebersberg.de\/wp-content\/uploads\/2019\/01\/IMG_2924-768x512.jpg 768w, https:\/\/www.uebersberg.de\/wp-content\/uploads\/2019\/01\/IMG_2924.jpg 1600w\" sizes=\"auto, (max-width: 1024px) 100vw, 1024px\" \/><\/figure><\/li><li class=\"blocks-gallery-item\"><figure><img loading=\"lazy\" decoding=\"async\" width=\"1024\" height=\"615\" src=\"https:\/\/www.uebersberg.de\/wp-content\/uploads\/2019\/01\/JH-1024x615.jpg\" alt=\"\" data-id=\"536\" data-link=\"https:\/\/www.uebersberg.de\/index.php\/impressionen\/jh\/\" class=\"wp-image-536\" srcset=\"https:\/\/www.uebersberg.de\/wp-content\/uploads\/2019\/01\/JH-1024x615.jpg 1024w, https:\/\/www.uebersberg.de\/wp-content\/uploads\/2019\/01\/JH-300x180.jpg 300w, https:\/\/www.uebersberg.de\/wp-content\/uploads\/2019\/01\/JH-768x461.jpg 768w, https:\/\/www.uebersberg.de\/wp-content\/uploads\/2019\/01\/JH.jpg 1253w\" sizes=\"auto, (max-width: 1024px) 100vw, 1024px\" \/><\/figure><\/li><li class=\"blocks-gallery-item\"><figure><img loading=\"lazy\" decoding=\"async\" width=\"1024\" height=\"679\" src=\"https:\/\/www.uebersberg.de\/wp-content\/uploads\/2019\/01\/RS-1024x679.jpg\" alt=\"\" data-id=\"537\" data-link=\"https:\/\/www.uebersberg.de\/index.php\/impressionen\/rs\/\" class=\"wp-image-537\" srcset=\"https:\/\/www.uebersberg.de\/wp-content\/uploads\/2019\/01\/RS-1024x679.jpg 1024w, https:\/\/www.uebersberg.de\/wp-content\/uploads\/2019\/01\/RS-300x199.jpg 300w, https:\/\/www.uebersberg.de\/wp-content\/uploads\/2019\/01\/RS-768x509.jpg 768w, https:\/\/www.uebersberg.de\/wp-content\/uploads\/2019\/01\/RS.jpg 1105w\" sizes=\"auto, (max-width: 1024px) 100vw, 1024px\" \/><\/figure><\/li><li class=\"blocks-gallery-item\"><figure><img loading=\"lazy\" decoding=\"async\" width=\"1024\" height=\"674\" src=\"https:\/\/www.uebersberg.de\/wp-content\/uploads\/2019\/01\/VR-1024x674.jpg\" alt=\"\" data-id=\"538\" data-link=\"https:\/\/www.uebersberg.de\/index.php\/impressionen\/vr\/\" class=\"wp-image-538\" srcset=\"https:\/\/www.uebersberg.de\/wp-content\/uploads\/2019\/01\/VR-1024x674.jpg 1024w, https:\/\/www.uebersberg.de\/wp-content\/uploads\/2019\/01\/VR-300x198.jpg 300w, https:\/\/www.uebersberg.de\/wp-content\/uploads\/2019\/01\/VR-768x506.jpg 768w, https:\/\/www.uebersberg.de\/wp-content\/uploads\/2019\/01\/VR.jpg 1048w\" sizes=\"auto, (max-width: 1024px) 100vw, 1024px\" \/><\/figure><\/li><\/ul>\n","protected":false},"excerpt":{"rendered":"<p>Hier mal ein paar Eindr\u00fccke vergangener Wettbewerbe: 15. \u00dcbersbergwettbewerb (2017) 14. \u00dcbersbergwettbewerb (2015) 13. \u00dcbersbergwettbewerb (2013)<\/p>\n","protected":false},"author":2,"featured_media":0,"parent":0,"menu_order":0,"comment_status":"closed","ping_status":"closed","template":"","meta":{"ngg_post_thumbnail":0,"footnotes":""},"class_list":["post-509","page","type-page","status-publish","hentry"],"_links":{"self":[{"href":"https:\/\/www.uebersberg.de\/index.php\/wp-json\/wp\/v2\/pages\/509","targetHints":{"allow":["GET"]}}],"collection":[{"href":"https:\/\/www.uebersberg.de\/index.php\/wp-json\/wp\/v2\/pages"}],"about":[{"href":"https:\/\/www.uebersberg.de\/index.php\/wp-json\/wp\/v2\/types\/page"}],"author":[{"embeddable":true,"href":"https:\/\/www.uebersberg.de\/index.php\/wp-json\/wp\/v2\/users\/2"}],"replies":[{"embeddable":true,"href":"https:\/\/www.uebersberg.de\/index.php\/wp-json\/wp\/v2\/comments?post=509"}],"version-history":[{"count":10,"href":"https:\/\/www.uebersberg.de\/index.php\/wp-json\/wp\/v2\/pages\/509\/revisions"}],"predecessor-version":[{"id":669,"href":"https:\/\/www.uebersberg.de\/index.php\/wp-json\/wp\/v2\/pages\/509\/revisions\/669"}],"wp:attachment":[{"href":"https:\/\/www.uebersberg.de\/index.php\/wp-json\/wp\/v2\/media?parent=509"}],"curies":[{"name":"wp","href":"https:\/\/api.w.org\/{rel}","templated":true}]}}