{"id":72,"date":"2018-12-30T22:19:36","date_gmt":"2018-12-30T22:19:36","guid":{"rendered":"https:\/\/www.uebersberg.de\/?page_id=72"},"modified":"2019-01-16T21:23:35","modified_gmt":"2019-01-16T21:23:35","slug":"jugend-airgames","status":"publish","type":"page","link":"https:\/\/www.uebersberg.de\/index.php\/jugend-airgames\/","title":{"rendered":"Jugend Airgames"},"content":{"rendered":"\n<figure class=\"wp-block-image\"><img loading=\"lazy\" decoding=\"async\" width=\"750\" height=\"268\" src=\"https:\/\/www.uebersberg.de\/wp-content\/uploads\/2019\/01\/schlepp.png\" alt=\"\" class=\"wp-image-603\" srcset=\"https:\/\/www.uebersberg.de\/wp-content\/uploads\/2019\/01\/schlepp.png 750w, https:\/\/www.uebersberg.de\/wp-content\/uploads\/2019\/01\/schlepp-300x107.png 300w\" sizes=\"auto, (max-width: 750px) 100vw, 750px\" \/><\/figure>\n\n\n\n<p>Mit den Airgames organisiert der BWLV eine erlebnisreiche Woche f\u00fcr alle Jugendlichen, die sich dem Thema FLIEGEN n\u00e4hern wollen, ihre Erfahrungen auf andere Sparten ausweiten m\u00f6chten oder einfach eine tolle Zeit mit Gleichgesinnten verbringen wollen. <\/p>\n\n\n\n<p>Es erwartet euch unter anderem: <\/p>\n\n\n\n<ul class=\"wp-block-list\"><li>Segelflug<\/li><li>Motorsegelflug<\/li><li>Motorflug<\/li><li>Ultraleichtflug<\/li><li>Ballon fahren<\/li><li>Modellflug<\/li><li>Drachenfliegen<\/li><li>Gleitschirmfliegen<\/li><li>Fallschirmspringen<\/li><\/ul>\n\n\n\n<p>In 2018 fanden die BWLV Airgames auf dem \u00dcbersberg statt. Alle Details und Infos&nbsp;findest Du auch auf den BWLV Seiten unter dem Thema&nbsp;Airgames.<\/p>\n\n\n\n<p>> >  <a href=\"https:\/\/www.bwlv.de\/jugend\/bwlv-veranstaltungen\/airgames.html\"><strong>BWLV Airgames<\/strong><\/a><\/p>\n\n\n\n<div class=\"wp-block-file\"><a href=\"https:\/\/www.uebersberg.de\/wp-content\/uploads\/2019\/01\/Der_Adler_11_18_Airgames.pdf\">Bericht des Adlers zu den Airgames 2018<\/a><a href=\"https:\/\/www.uebersberg.de\/wp-content\/uploads\/2019\/01\/Der_Adler_11_18_Airgames.pdf\" class=\"wp-block-file__button\" download>Download<\/a><\/div>\n","protected":false},"excerpt":{"rendered":"<p>Mit den Airgames organisiert der BWLV eine erlebnisreiche Woche f\u00fcr alle Jugendlichen, die sich dem Thema FLIEGEN n\u00e4hern wollen, ihre Erfahrungen auf andere Sparten ausweiten m\u00f6chten oder einfach eine tolle Zeit mit Gleichgesinnten verbringen wollen. Es erwartet euch unter anderem:<\/p>\n","protected":false},"author":1,"featured_media":125,"parent":0,"menu_order":0,"comment_status":"closed","ping_status":"closed","template":"","meta":{"ngg_post_thumbnail":0,"footnotes":""},"class_list":["post-72","page","type-page","status-publish","has-post-thumbnail","hentry"],"_links":{"self":[{"href":"https:\/\/www.uebersberg.de\/index.php\/wp-json\/wp\/v2\/pages\/72","targetHints":{"allow":["GET"]}}],"collection":[{"href":"https:\/\/www.uebersberg.de\/index.php\/wp-json\/wp\/v2\/pages"}],"about":[{"href":"https:\/\/www.uebersberg.de\/index.php\/wp-json\/wp\/v2\/types\/page"}],"author":[{"embeddable":true,"href":"https:\/\/www.uebersberg.de\/index.php\/wp-json\/wp\/v2\/users\/1"}],"replies":[{"embeddable":true,"href":"https:\/\/www.uebersberg.de\/index.php\/wp-json\/wp\/v2\/comments?post=72"}],"version-history":[{"count":12,"href":"https:\/\/www.uebersberg.de\/index.php\/wp-json\/wp\/v2\/pages\/72\/revisions"}],"predecessor-version":[{"id":745,"href":"https:\/\/www.uebersberg.de\/index.php\/wp-json\/wp\/v2\/pages\/72\/revisions\/745"}],"wp:featuredmedia":[{"embeddable":true,"href":"https:\/\/www.uebersberg.de\/index.php\/wp-json\/wp\/v2\/media\/125"}],"wp:attachment":[{"href":"https:\/\/www.uebersberg.de\/index.php\/wp-json\/wp\/v2\/media?parent=72"}],"curies":[{"name":"wp","href":"https:\/\/api.w.org\/{rel}","templated":true}]}}